{"id":657,"date":"2023-04-19T16:46:25","date_gmt":"2023-04-19T14:46:25","guid":{"rendered":"https:\/\/admiun.com\/admiun\/"},"modified":"2023-08-01T12:04:53","modified_gmt":"2023-08-01T12:04:53","slug":"admiun","status":"publish","type":"page","link":"https:\/\/admiun.com\/es\/admiun\/","title":{"rendered":"Admiun"},"content":{"rendered":"<h2>\u00bfC\u00f3mo te ayuda Admiun a hacer crecer tu negocio?<\/h2>\n<p>\t\t\t\t\t\t\t\t\t\t\t\t\t\t\t<img decoding=\"async\" width=\"145\" height=\"5\" src=\"https:\/\/admiun.com\/wp-content\/uploads\/2023\/04\/Rectangulo294.svg\" alt=\"\" loading=\"lazy\" \/><br \/>\n\t\t\t\t\t\t\t\t\t\t\t\t\t\t\t<img decoding=\"async\" width=\"145\" height=\"5\" src=\"https:\/\/admiun.com\/wp-content\/uploads\/2023\/04\/Rectangulo294.svg\" alt=\"\" loading=\"lazy\" \/><br \/>\n\t\t\t\t\t\t\t\t\t\t\t\t\t\t\t<img decoding=\"async\" width=\"145\" height=\"5\" src=\"https:\/\/admiun.com\/wp-content\/uploads\/2023\/04\/Rectangulo294.svg\" alt=\"\" loading=\"lazy\" \/><br \/>\n\t\t\t\t\t\t\t\t\t\t\t\t\t\t\t<img decoding=\"async\" width=\"1236\" height=\"1312\" src=\"https:\/\/admiun.com\/wp-content\/uploads\/2023\/04\/shutterstock_44670242x.png\" alt=\"\" loading=\"lazy\" srcset=\"https:\/\/admiun.com\/wp-content\/uploads\/2023\/04\/shutterstock_44670242x.png 1236w, https:\/\/admiun.com\/wp-content\/uploads\/2023\/04\/shutterstock_44670242x-283x300.png 283w, https:\/\/admiun.com\/wp-content\/uploads\/2023\/04\/shutterstock_44670242x-965x1024.png 965w, https:\/\/admiun.com\/wp-content\/uploads\/2023\/04\/shutterstock_44670242x-768x815.png 768w\" sizes=\"auto, (max-width: 1236px) 100vw, 1236px\" \/><br \/>\n\t\t\t\t\t\t\t\t\t\t\t\t\t\t\t<img decoding=\"async\" width=\"954\" height=\"386\" src=\"https:\/\/admiun.com\/wp-content\/uploads\/2023\/04\/Rect2x.png\" alt=\"\" loading=\"lazy\" srcset=\"https:\/\/admiun.com\/wp-content\/uploads\/2023\/04\/Rect2x.png 954w, https:\/\/admiun.com\/wp-content\/uploads\/2023\/04\/Rect2x-300x121.png 300w, https:\/\/admiun.com\/wp-content\/uploads\/2023\/04\/Rect2x-768x311.png 768w\" sizes=\"auto, (max-width: 954px) 100vw, 954px\" \/>\t\t\t\t\t\t\t\t\t\t\t\t\t\t\t<\/p>\n<h2>Un gestor siempre disponible para tu negocio<\/h2>\n<p>Esa fue la idea de la que parti\u00f3 Admiun.<\/p>\n<p>Y solo hab\u00eda una manera de llevarla a cabo: apostar fuerte por la tecnolog\u00eda.<\/p>\n<p>Si buscas Admiun en internet, seguramente no encuentres mucha informaci\u00f3n sobre nosotros.<\/p>\n<p>\u00bfQuiere eso decir que somos nuevos en esto?<\/p>\n<p>No.<\/p>\n<p><strong>Admiun es el nuevo nombre para el negocio de Subir\u00e0 Assessors<\/strong>, que lleva ya m\u00e1s de 25 a\u00f1os funcionando de manera tradicional.<\/p>\n<h2>\u00bfPor qu\u00e9 esta nueva marca?<\/h2>\n<p>Para empezar una nueva etapa de nuestro servicio. M\u00e1s tecnol\u00f3gica, din\u00e1mica y colaborativa.<\/p>\n<p>Queremos ayudarte a <strong>gestionar tu negocio de la mejor manera posible. <\/strong><\/p>\n<p>Y para eso hay que dar una vuelta al concepto tradicional de gestor\u00eda.\u00a0 Conservar lo mejor de \u00e9l e incorporar las ventajas del entorno digital.<\/p>\n<p>Resumiendo: <strong>combinar en un solo servicio la confianza de tu gestor de toda la vida con la inmediatez de la tecnolog\u00eda.<\/strong><\/p>\n<p>As\u00ed nace Admiun.<\/p>\n<p>No solo somos gestores administrativos y auditores de cuentas; tambi\u00e9n somos expertos en marketing y sabemos, por experiencia propia, lo que implica dirigir un negocio.<\/p>\n<p><strong> Hemos estado en tu piel como empresario. <\/strong><\/p>\n<p>Por eso sabemos c\u00f3mo ayudarte y facilitarte las cosas en la gesti\u00f3n de tu negocio.<\/p>\n<p>Queremos ahorrarte la frustraci\u00f3n de depender de la disponibilidad de tu gestor para solucionar tus problemas.<\/p>\n<p>Pero sin renunciar a la confianza del trato personalizado de la gestor\u00eda de toda la vida.<\/p>\n<p>\t\t\t\t\t\t\t\t\t\t\t\t\t\t\t<img decoding=\"async\" width=\"1384\" height=\"1138\" src=\"https:\/\/admiun.com\/wp-content\/uploads\/2023\/08\/admiun-imagen-seccion-admiun.png\" alt=\"\" loading=\"lazy\" srcset=\"https:\/\/admiun.com\/wp-content\/uploads\/2023\/08\/admiun-imagen-seccion-admiun.png 1384w, https:\/\/admiun.com\/wp-content\/uploads\/2023\/08\/admiun-imagen-seccion-admiun-300x247.png 300w, https:\/\/admiun.com\/wp-content\/uploads\/2023\/08\/admiun-imagen-seccion-admiun-1024x842.png 1024w, https:\/\/admiun.com\/wp-content\/uploads\/2023\/08\/admiun-imagen-seccion-admiun-768x631.png 768w\" sizes=\"auto, (max-width: 1384px) 100vw, 1384px\" \/>\t\t\t\t\t\t\t\t\t\t\t\t\t\t\t<\/p>\n<h2>\u00bfLa soluci\u00f3n?<\/h2>\n<p>Una plataforma en la que gestionar todo tu negocio, asistido por un profesional al que puedes recurrir siempre que quieras.<\/p>\n<p>Y al que tambi\u00e9n puedes visitar en nuestra oficina. Lo mismo de siempre, pero mejor.\u00a0<\/p>\n<h2>\u00bfC\u00f3mo podemos ayudarte?<\/h2>\n<p>\t\t\t<a role=\"button\"><br \/>\n\t\t\t\t\t\tQUIERO SABER M\u00c1S SOBRE VUESTROS SERVICIOS<br \/>\n\t\t\t\t\t<\/a><\/p>\n<h2>\u00bfQu\u00e9 opinan nuestros clientes?<\/h2>\n<p>Buen trato, buen precio. Lo recomiendo. Saben muy bien c\u00f3mo hacer su trabajo y te explican muy bien todo para que lo hagas perfecto. Gracias a ellos ahorro mucho en impuestos.<\/p>\n<p>\t\t\t\t\t\t\t\t<cite>Sebasti\u00e1n Jim\u00e9nez S\u00e1nchez<\/cite>\t\t\t<\/p>\n<p>Profesional, puntual y especialmente muy buena comunicaci\u00f3n. Siempre con la intenci\u00f3n de ayudar y dar el mejor trato al cliente. La mejor gestor\u00eda en la que he estado!!!<\/p>\n<p>\t\t\t\t\t\t\t\t<cite>Marta Chac\u00f3n<\/cite>\t\t\t<\/p>\n<p>Gestor\u00eda 100% recomendable! Grandes profesionales , que se vuelcan por completo en el cliente.<\/p>\n<p>\t\t\t\t\t\t\t\t<cite>Thiago Silva<\/cite>\t\t\t<\/p>\n<p>Como aut\u00f3nomo y cliente, siempre me han asesorado con acierto y han dado las soluciones m\u00e1s correctas. Confianza 100%.<\/p>\n<p>\t\t\t\t\t\t\t\t<cite>Joaqu\u00edn Gallardo<\/cite>\t\t\t<\/p>\n<p>Muy contento con encontrar esta gestor\u00eda. Muy atentos, responden siempre sin demoras y de forma muy personal.<\/p>\n<p>\t\t\t\t\t\t\t\t<cite>Diego Ferreyra<\/cite>\t\t\t<\/p>\n<p>Recomano 100% aquesta assessoria per la seva professionalitat, amabilitat \u00a1 agilitat \u00a1 tamb\u00e9 m&#8217;assessoren sempre molt b\u00e9, el tracte tamb\u00e9 \u00e9s molt proper \u00a1 et donen molta confianga. Estic contenta \u00a1 molt agraida perque tamb\u00e9 m&#8217;ho han &#8230; <\/p>\n<p>\t\t\t\t\t\t\t\t<cite>Acupuntura Lao<\/cite>\t\t\t<\/p>\n<p>Molt bon tracte \u00a1 molt profesionals, encantats de treballa amb ells.<\/p>\n<p>\t\t\t\t\t\t\t\t<cite>Alumini Confort<\/cite>\t\t\t<\/p>\n<p>Muy profesionales. Te atienden muy r\u00e1pido y te solucionan todos los problemas con gran eficacia.<\/p>\n<p>\t\t\t\t\t\t\t\t<cite>Deijer Espino<\/cite><br \/>\n\t\t\t\t\t\t\t\t\t\t\t\t\t\tAnterior<br \/>\n\t\t\t\t\t\t\t\t\t\t\t\t\t\tSiguiente<\/p>\n<p>Buen trato, buen precio. Lo recomiendo. Saben muy bien c\u00f3mo hacer su trabajo y te explican muy bien todo para que lo hagas perfecto. Gracias a ellos ahorro mucho en impuestos.<\/p>\n<p>\t\t\t\t\t\t\t\t<cite>Sebasti\u00e1n Jim\u00e9nez S\u00e1nchez<\/cite>\t\t\t<\/p>\n<p>Profesional, puntual y especialmente muy buena comunicaci\u00f3n. Siempre con la intenci\u00f3n de ayudar y dar el mejor trato al cliente. La mejor gestor\u00eda en la que he estado!!!<\/p>\n<p>\t\t\t\t\t\t\t\t<cite>Marta Chac\u00f3n<\/cite>\t\t\t<\/p>\n<p>Gestor\u00eda 100% recomendable! Grandes profesionales , que se vuelcan por completo en el cliente.<\/p>\n<p>\t\t\t\t\t\t\t\t<cite>Thiago Silva<\/cite>\t\t\t<\/p>\n<p>Como aut\u00f3nomo y cliente, siempre me han asesorado con acierto y han dado las soluciones m\u00e1s correctas. Confianza 100%<\/p>\n<p>\t\t\t\t\t\t\t\t<cite>Joaqu\u00edn Gallardo<\/cite>\t\t\t<\/p>\n<p>Muy contento con encontrar esta gestor\u00eda. Muy atentos, responden siempre sin demoras y de forma muy personal.<\/p>\n<p>\t\t\t\t\t\t\t\t<cite>Diego Ferreyra<\/cite>\t\t\t<\/p>\n<p>Recomano 100% aquesta assessoria per la seva professionalitat, amabilitat \u00a1 agilitat \u00a1 tamb\u00e9 m&#8217;assessoren sempre molt b\u00e9, el tracte tamb\u00e9 \u00e9s molt proper \u00a1 et donen molta confianga. Estic contenta \u00a1 molt agraida perque tamb\u00e9 m&#8217;ho han &#8230;<\/p>\n<p>\t\t\t\t\t\t\t\t<cite>Acupuntura Lao<\/cite>\t\t\t<\/p>\n<p>Molt bon tracte \u00a1 molt profesionals, encantats de treballa amb ells.<\/p>\n<p>\t\t\t\t\t\t\t\t<cite>Alumini Confort<\/cite>\t\t\t<\/p>\n<p>Muy profesionales. Te atienden muy r\u00e1pido y te solucionan todos los problemas con gran eficacia.<\/p>\n<p>\t\t\t\t\t\t\t\t<cite>Deijer Espino<\/cite>\t\t\t<\/p>\n<h2>\u00bfTienes alguna pregunta sobre nuestra asesor\u00eda online?<\/h2>\n<p>\t\t\t<a role=\"button\"><br \/>\n\t\t\t\t\t\tTENGO UNA PREGUNTA<br \/>\n\t\t\t\t\t<\/a><br \/>\n\t\t\t\t\t\t\t\t\t\t\t\t\t\t\t<img decoding=\"async\" width=\"145\" height=\"5\" src=\"https:\/\/admiun.com\/wp-content\/uploads\/2023\/04\/Rectangulo294.svg\" alt=\"\" loading=\"lazy\" \/><br \/>\n\t\t\t\t\t\t\t\t\t\t\t\t\t\t\t<img decoding=\"async\" width=\"145\" height=\"5\" src=\"https:\/\/admiun.com\/wp-content\/uploads\/2023\/04\/Rectangulo294.svg\" alt=\"\" loading=\"lazy\" \/>\t\t\t\t\t\t\t\t\t\t\t\t\t\t\t<\/p>\n<h2>Gestor\u00eda online para aut\u00f3nomos y pymes<\/h2>\n<p>Todo el asesoramiento para hacer crecer tu negocio, a un solo clic.<\/p>\n<h2>Inf\u00f3rmate sin compromiso<\/h2>\n","protected":false},"excerpt":{"rendered":"<p>\u00bfC\u00f3mo te ayuda Admiun a hacer crecer tu negocio? Un gestor siempre disponible para tu negocio Esa fue la idea de la que parti\u00f3 Admiun. Y solo hab\u00eda una manera de llevarla a cabo: apostar fuerte por la tecnolog\u00eda. Si buscas Admiun en internet, seguramente no encuentres mucha informaci\u00f3n sobre nosotros. \u00bfQuiere eso decir que [&hellip;]<\/p>\n","protected":false},"author":1,"featured_media":0,"parent":0,"menu_order":0,"comment_status":"closed","ping_status":"closed","template":"","meta":{"footnotes":""},"class_list":["post-657","page","type-page","status-publish","hentry"],"yoast_head":"<!-- This site is optimized with the Yoast SEO plugin v20.12 - https:\/\/yoast.com\/wordpress\/plugins\/seo\/ -->\n<title>Admiun - Admiun<\/title>\n<meta name=\"robots\" content=\"index, follow, max-snippet:-1, max-image-preview:large, max-video-preview:-1\" \/>\n<link rel=\"canonical\" href=\"https:\/\/admiun.com\/es\/admiun\/\" \/>\n<meta property=\"og:locale\" content=\"es_ES\" \/>\n<meta property=\"og:type\" content=\"article\" \/>\n<meta property=\"og:title\" content=\"Admiun - Admiun\" \/>\n<meta property=\"og:description\" content=\"\u00bfC\u00f3mo te ayuda Admiun a hacer crecer tu negocio? Un gestor siempre disponible para tu negocio Esa fue la idea de la que parti\u00f3 Admiun. Y solo hab\u00eda una manera de llevarla a cabo: apostar fuerte por la tecnolog\u00eda. Si buscas Admiun en internet, seguramente no encuentres mucha informaci\u00f3n sobre nosotros. \u00bfQuiere eso decir que [&hellip;]\" \/>\n<meta property=\"og:url\" content=\"https:\/\/admiun.com\/es\/admiun\/\" \/>\n<meta property=\"og:site_name\" content=\"Admiun\" \/>\n<meta property=\"article:modified_time\" content=\"2023-08-01T12:04:53+00:00\" \/>\n<meta property=\"og:image\" content=\"https:\/\/admiun.com\/wp-content\/uploads\/2023\/04\/Rectangulo294.svg\" \/>\n<meta name=\"twitter:card\" content=\"summary_large_image\" \/>\n<meta name=\"twitter:label1\" content=\"Tiempo de lectura\" \/>\n\t<meta name=\"twitter:data1\" content=\"12 minutos\" \/>\n<script type=\"application\/ld+json\" class=\"yoast-schema-graph\">{\"@context\":\"https:\/\/schema.org\",\"@graph\":[{\"@type\":\"WebPage\",\"@id\":\"https:\/\/admiun.com\/es\/admiun\/\",\"url\":\"https:\/\/admiun.com\/es\/admiun\/\",\"name\":\"Admiun - Admiun\",\"isPartOf\":{\"@id\":\"https:\/\/admiun.com\/#website\"},\"datePublished\":\"2023-04-19T14:46:25+00:00\",\"dateModified\":\"2023-08-01T12:04:53+00:00\",\"breadcrumb\":{\"@id\":\"https:\/\/admiun.com\/es\/admiun\/#breadcrumb\"},\"inLanguage\":\"es\",\"potentialAction\":[{\"@type\":\"ReadAction\",\"target\":[\"https:\/\/admiun.com\/es\/admiun\/\"]}]},{\"@type\":\"BreadcrumbList\",\"@id\":\"https:\/\/admiun.com\/es\/admiun\/#breadcrumb\",\"itemListElement\":[{\"@type\":\"ListItem\",\"position\":1,\"name\":\"Portada\",\"item\":\"https:\/\/admiun.com\/es\/\"},{\"@type\":\"ListItem\",\"position\":2,\"name\":\"Admiun\"}]},{\"@type\":\"WebSite\",\"@id\":\"https:\/\/admiun.com\/#website\",\"url\":\"https:\/\/admiun.com\/\",\"name\":\"Admiun\",\"description\":\"Tu gestor, siempre disponible.\",\"publisher\":{\"@id\":\"https:\/\/admiun.com\/#organization\"},\"potentialAction\":[{\"@type\":\"SearchAction\",\"target\":{\"@type\":\"EntryPoint\",\"urlTemplate\":\"https:\/\/admiun.com\/?s={search_term_string}\"},\"query-input\":\"required name=search_term_string\"}],\"inLanguage\":\"es\"},{\"@type\":\"Organization\",\"@id\":\"https:\/\/admiun.com\/#organization\",\"name\":\"Admiun\",\"url\":\"https:\/\/admiun.com\/\",\"logo\":{\"@type\":\"ImageObject\",\"inLanguage\":\"es\",\"@id\":\"https:\/\/admiun.com\/#\/schema\/logo\/image\/\",\"url\":\"https:\/\/admiun.com\/wp-content\/uploads\/2023\/07\/admiun-logo-212.jpg\",\"contentUrl\":\"https:\/\/admiun.com\/wp-content\/uploads\/2023\/07\/admiun-logo-212.jpg\",\"width\":212,\"height\":212,\"caption\":\"Admiun\"},\"image\":{\"@id\":\"https:\/\/admiun.com\/#\/schema\/logo\/image\/\"}}]}<\/script>\n<!-- \/ Yoast SEO plugin. -->","yoast_head_json":{"title":"Admiun - Admiun","robots":{"index":"index","follow":"follow","max-snippet":"max-snippet:-1","max-image-preview":"max-image-preview:large","max-video-preview":"max-video-preview:-1"},"canonical":"https:\/\/admiun.com\/es\/admiun\/","og_locale":"es_ES","og_type":"article","og_title":"Admiun - Admiun","og_description":"\u00bfC\u00f3mo te ayuda Admiun a hacer crecer tu negocio? Un gestor siempre disponible para tu negocio Esa fue la idea de la que parti\u00f3 Admiun. Y solo hab\u00eda una manera de llevarla a cabo: apostar fuerte por la tecnolog\u00eda. Si buscas Admiun en internet, seguramente no encuentres mucha informaci\u00f3n sobre nosotros. \u00bfQuiere eso decir que [&hellip;]","og_url":"https:\/\/admiun.com\/es\/admiun\/","og_site_name":"Admiun","article_modified_time":"2023-08-01T12:04:53+00:00","og_image":[{"url":"https:\/\/admiun.com\/wp-content\/uploads\/2023\/04\/Rectangulo294.svg"}],"twitter_card":"summary_large_image","twitter_misc":{"Tiempo de lectura":"12 minutos"},"schema":{"@context":"https:\/\/schema.org","@graph":[{"@type":"WebPage","@id":"https:\/\/admiun.com\/es\/admiun\/","url":"https:\/\/admiun.com\/es\/admiun\/","name":"Admiun - Admiun","isPartOf":{"@id":"https:\/\/admiun.com\/#website"},"datePublished":"2023-04-19T14:46:25+00:00","dateModified":"2023-08-01T12:04:53+00:00","breadcrumb":{"@id":"https:\/\/admiun.com\/es\/admiun\/#breadcrumb"},"inLanguage":"es","potentialAction":[{"@type":"ReadAction","target":["https:\/\/admiun.com\/es\/admiun\/"]}]},{"@type":"BreadcrumbList","@id":"https:\/\/admiun.com\/es\/admiun\/#breadcrumb","itemListElement":[{"@type":"ListItem","position":1,"name":"Portada","item":"https:\/\/admiun.com\/es\/"},{"@type":"ListItem","position":2,"name":"Admiun"}]},{"@type":"WebSite","@id":"https:\/\/admiun.com\/#website","url":"https:\/\/admiun.com\/","name":"Admiun","description":"Tu gestor, siempre disponible.","publisher":{"@id":"https:\/\/admiun.com\/#organization"},"potentialAction":[{"@type":"SearchAction","target":{"@type":"EntryPoint","urlTemplate":"https:\/\/admiun.com\/?s={search_term_string}"},"query-input":"required name=search_term_string"}],"inLanguage":"es"},{"@type":"Organization","@id":"https:\/\/admiun.com\/#organization","name":"Admiun","url":"https:\/\/admiun.com\/","logo":{"@type":"ImageObject","inLanguage":"es","@id":"https:\/\/admiun.com\/#\/schema\/logo\/image\/","url":"https:\/\/admiun.com\/wp-content\/uploads\/2023\/07\/admiun-logo-212.jpg","contentUrl":"https:\/\/admiun.com\/wp-content\/uploads\/2023\/07\/admiun-logo-212.jpg","width":212,"height":212,"caption":"Admiun"},"image":{"@id":"https:\/\/admiun.com\/#\/schema\/logo\/image\/"}}]}},"_links":{"self":[{"href":"https:\/\/admiun.com\/es\/wp-json\/wp\/v2\/pages\/657","targetHints":{"allow":["GET"]}}],"collection":[{"href":"https:\/\/admiun.com\/es\/wp-json\/wp\/v2\/pages"}],"about":[{"href":"https:\/\/admiun.com\/es\/wp-json\/wp\/v2\/types\/page"}],"author":[{"embeddable":true,"href":"https:\/\/admiun.com\/es\/wp-json\/wp\/v2\/users\/1"}],"replies":[{"embeddable":true,"href":"https:\/\/admiun.com\/es\/wp-json\/wp\/v2\/comments?post=657"}],"version-history":[{"count":12,"href":"https:\/\/admiun.com\/es\/wp-json\/wp\/v2\/pages\/657\/revisions"}],"predecessor-version":[{"id":1088,"href":"https:\/\/admiun.com\/es\/wp-json\/wp\/v2\/pages\/657\/revisions\/1088"}],"wp:attachment":[{"href":"https:\/\/admiun.com\/es\/wp-json\/wp\/v2\/media?parent=657"}],"curies":[{"name":"wp","href":"https:\/\/api.w.org\/{rel}","templated":true}]}}